{"id":107,"date":"2020-09-27T17:41:53","date_gmt":"2020-09-27T15:41:53","guid":{"rendered":"http:\/\/hervelinghen.fr\/?page_id=107"},"modified":"2020-11-14T14:00:51","modified_gmt":"2020-11-14T13:00:51","slug":"ccas","status":"publish","type":"page","link":"http:\/\/hervelinghen.fr\/?page_id=107","title":{"rendered":"CCAS"},"content":{"rendered":"<p><em>Le CCAS (Conseil Communal d&rsquo;action sociale) est pr\u00e9sid\u00e9 par Monsieur Ammeux Pierre.<\/em><\/p>\n<p><em>Le bureau comprend les membres suivants : Laurent Darr\u00e9, Hubert Delplanque, Fr\u00e9d\u00e9rix Dutertre, Dominique Rigaux, Sandrine Sergent, Rapha\u00ebl Cr\u00e9pin.<\/em><\/p>\n<p><strong>Le CCAS r\u00e9pond \u00e0 des obligations d&rsquo;aide l\u00e9gale et a une mission d&rsquo;aide facultative.<\/strong><\/p>\n<p><strong>Les aides l\u00e9gales<\/strong> sont de permettre l&rsquo;acc\u00e8s aux droits pour les personnes \u00e2g\u00e9es, en situation de handicap ou d&rsquo;exclusion.<br \/>\nPar exemple instruction des demandes de dossier APA ( Allocation Personnalis\u00e9e d&rsquo;Autonomie), de RSA ( Revenu de Solidarit\u00e9 Active), fonds d&rsquo;aide aux jeunes, domiciliation&#8230;<\/p>\n<p><strong>Les aides facultatives<\/strong> sont les actions compl\u00e9mentaires initi\u00e9es par les \u00e9lus locaux telles que des aides financi\u00e8res, bons d&rsquo;achat, prise en charge de facture, financement d&rsquo;animations, de sorties&#8230;<\/p>\n<p>N&rsquo;h\u00e9sitez pas \u00e0 vous rapprocher de votre CCAS qui se veut \u00eatre une instance d&rsquo;\u00e9coute et de solidarit\u00e9.<\/p>\n<p>Contact : 03.21.35.92.22<\/p>\n<p>mairie-dhervelinghen@wanadoo.fr<\/p>\n","protected":false},"excerpt":{"rendered":"<p>Le CCAS (Conseil Communal d&rsquo;action sociale) est pr\u00e9sid\u00e9 par Monsieur Ammeux Pierre. Le bureau comprend les membres suivants : Laurent Darr\u00e9, Hubert Delplanque, Fr\u00e9d\u00e9rix Dutertre, Dominique Rigaux, Sandrine Sergent, Rapha\u00ebl Cr\u00e9pin. Le CCAS r\u00e9pond \u00e0 des obligations d&rsquo;aide l\u00e9gale et &hellip; <a href=\"http:\/\/hervelinghen.fr\/?page_id=107\">Lire la suite\u00ad\u00ad<\/a><\/p>\n","protected":false},"author":1,"featured_media":0,"parent":0,"menu_order":0,"comment_status":"closed","ping_status":"closed","template":"","meta":{"kt_blocks_editor_width":""},"yoast_head":"<!-- This site is optimized with the Yoast SEO plugin v15.3 - https:\/\/yoast.com\/wordpress\/plugins\/seo\/ -->\n<title>CCAS - Hervelinghen<\/title>\n<meta name=\"robots\" content=\"index, follow, max-snippet:-1, max-image-preview:large, max-video-preview:-1\" \/>\n<link rel=\"canonical\" href=\"https:\/\/hervelinghen.fr\/?page_id=107\" \/>\n<meta property=\"og:locale\" content=\"fr_FR\" \/>\n<meta property=\"og:type\" content=\"article\" \/>\n<meta property=\"og:title\" content=\"CCAS - Hervelinghen\" \/>\n<meta property=\"og:description\" content=\"Le CCAS (Conseil Communal d&rsquo;action sociale) est pr\u00e9sid\u00e9 par Monsieur Ammeux Pierre. Le bureau comprend les membres suivants : Laurent Darr\u00e9, Hubert Delplanque, Fr\u00e9d\u00e9rix Dutertre, Dominique Rigaux, Sandrine Sergent, Rapha\u00ebl Cr\u00e9pin. Le CCAS r\u00e9pond \u00e0 des obligations d&rsquo;aide l\u00e9gale et &hellip; Lire la suite\u00ad\u00ad\" \/>\n<meta property=\"og:url\" content=\"https:\/\/hervelinghen.fr\/?page_id=107\" \/>\n<meta property=\"og:site_name\" content=\"Hervelinghen\" \/>\n<meta property=\"article:modified_time\" content=\"2020-11-14T13:00:51+00:00\" \/>\n<meta name=\"twitter:card\" content=\"summary_large_image\" \/>\n<meta name=\"twitter:label1\" content=\"\u00c9crit par\">\n\t<meta name=\"twitter:data1\" content=\"admin8904\">\n\t<meta name=\"twitter:label2\" content=\"Dur\u00e9e de lecture est.\">\n\t<meta name=\"twitter:data2\" content=\"1 minute\">\n<script type=\"application\/ld+json\" class=\"yoast-schema-graph\">{\"@context\":\"https:\/\/schema.org\",\"@graph\":[{\"@type\":\"WebSite\",\"@id\":\"http:\/\/hervelinghen.fr\/#website\",\"url\":\"http:\/\/hervelinghen.fr\/\",\"name\":\"Hervelinghen\",\"description\":\"Bien vivre ensemble\",\"potentialAction\":[{\"@type\":\"SearchAction\",\"target\":\"http:\/\/hervelinghen.fr\/?s={search_term_string}\",\"query-input\":\"required name=search_term_string\"}],\"inLanguage\":\"fr-FR\"},{\"@type\":\"WebPage\",\"@id\":\"https:\/\/hervelinghen.fr\/?page_id=107#webpage\",\"url\":\"https:\/\/hervelinghen.fr\/?page_id=107\",\"name\":\"CCAS - Hervelinghen\",\"isPartOf\":{\"@id\":\"http:\/\/hervelinghen.fr\/#website\"},\"datePublished\":\"2020-09-27T15:41:53+00:00\",\"dateModified\":\"2020-11-14T13:00:51+00:00\",\"inLanguage\":\"fr-FR\",\"potentialAction\":[{\"@type\":\"ReadAction\",\"target\":[\"https:\/\/hervelinghen.fr\/?page_id=107\"]}]}]}<\/script>\n<!-- \/ Yoast SEO plugin. -->","_links":{"self":[{"href":"http:\/\/hervelinghen.fr\/index.php?rest_route=\/wp\/v2\/pages\/107"}],"collection":[{"href":"http:\/\/hervelinghen.fr\/index.php?rest_route=\/wp\/v2\/pages"}],"about":[{"href":"http:\/\/hervelinghen.fr\/index.php?rest_route=\/wp\/v2\/types\/page"}],"author":[{"embeddable":true,"href":"http:\/\/hervelinghen.fr\/index.php?rest_route=\/wp\/v2\/users\/1"}],"replies":[{"embeddable":true,"href":"http:\/\/hervelinghen.fr\/index.php?rest_route=%2Fwp%2Fv2%2Fcomments&post=107"}],"version-history":[{"count":3,"href":"http:\/\/hervelinghen.fr\/index.php?rest_route=\/wp\/v2\/pages\/107\/revisions"}],"predecessor-version":[{"id":1008,"href":"http:\/\/hervelinghen.fr\/index.php?rest_route=\/wp\/v2\/pages\/107\/revisions\/1008"}],"wp:attachment":[{"href":"http:\/\/hervelinghen.fr\/index.php?rest_route=%2Fwp%2Fv2%2Fmedia&parent=107"}],"curies":[{"name":"wp","href":"https:\/\/api.w.org\/{rel}","templated":true}]}}