{"id":83,"date":"2020-09-27T17:37:10","date_gmt":"2020-09-27T15:37:10","guid":{"rendered":"http:\/\/hervelinghen.fr\/?page_id=83"},"modified":"2021-01-06T23:33:31","modified_gmt":"2021-01-06T22:33:31","slug":"les-demarches-administratives","status":"publish","type":"page","link":"http:\/\/hervelinghen.fr\/?page_id=83","title":{"rendered":"Les d\u00e9marches administratives"},"content":{"rendered":"<p>Dans le cadre de la d\u00e9mat\u00e9rialisation des d\u00e9marches, l&rsquo;ensemble des proc\u00e9dures administratives est accessible en ligne sur le site https:\/\/www.service-public.fr\/, notamment :<\/p>\n<div class=\"sppb-panel sppb-panel-warning\">\n<div class=\"sppb-panel-heading\"><span class=\"sppb-panel-title\">+\u00a0\u00a0 Elections<\/span><\/div>\n<div class=\"sppb-panel-collapse\">\n<div class=\"sppb-panel-body\">\n<ul>\n<li><a href=\"https:\/\/www.service-public.fr\/particuliers\/vosdroits\/N47\" target=\"_blank\" rel=\"noopener noreferrer\">Elections &#8211; D\u00e9marches Administratives<\/a><\/li>\n<\/ul>\n<\/div>\n<\/div>\n<\/div>\n<div class=\"sppb-panel sppb-panel-warning\">\n<div class=\"sppb-panel-heading\"><span class=\"sppb-panel-title\">+\u00a0\u00a0 Etat civil &#8211; Carte Nationale d&rsquo;Identit\u00e9<\/span><\/div>\n<div class=\"sppb-panel-collapse\">\n<div class=\"sppb-panel-body\">\n<ul>\n<li><a href=\"https:\/\/www.service-public.fr\/particuliers\/vosdroits\/N358\" target=\"_blank\" rel=\"noopener noreferrer\">Carte nationale d&rsquo;identit\u00e9<\/a><\/li>\n<\/ul>\n<div class=\"sppb-panel-heading\"><span class=\"sppb-panel-title\">+\u00a0\u00a0 Etat civil &#8211; Passeport<\/span><\/div>\n<div class=\"sppb-panel-collapse\">\n<div class=\"sppb-panel-body\">\n<ul>\n<li><a href=\"https:\/\/www.service-public.fr\/particuliers\/vosdroits\/N360\" target=\"_blank\" rel=\"noopener noreferrer\">Passeport<\/a><\/li>\n<\/ul>\n<div class=\"sppb-panel-heading\"><span class=\"sppb-panel-title\">+\u00a0\u00a0 Etat civil &#8211; D\u00e9c\u00e8s<\/span><\/div>\n<div class=\"sppb-panel-collapse\">\n<div class=\"sppb-panel-body\">\n<ul>\n<li><a href=\"https:\/\/www.service-public.fr\/particuliers\/vosdroits\/F909\" target=\"_blank\" rel=\"noopener noreferrer\">D\u00e9c\u00e8s<\/a><\/li>\n<\/ul>\n<\/div>\n<\/div>\n<\/div>\n<\/div>\n<\/div>\n<\/div>\n<\/div>\n<div class=\"sppb-panel sppb-panel-warning\">\n<div class=\"sppb-panel-heading\"><span class=\"sppb-panel-title\">+\u00a0\u00a0 Etat civil &#8211; Mariage<\/span><\/div>\n<div class=\"sppb-panel-collapse\">\n<div class=\"sppb-panel-body\">\n<ul>\n<li><a href=\"https:\/\/www.service-public.fr\/particuliers\/vosdroits\/F1432\" target=\"_blank\" rel=\"noopener noreferrer\">Acte de Mariage<\/a><\/li>\n<\/ul>\n<\/div>\n<\/div>\n<\/div>\n<div class=\"sppb-panel sppb-panel-warning\">\n<div class=\"sppb-panel-heading\"><span class=\"sppb-panel-title\">+\u00a0\u00a0 Etat civil &#8211; Naissance<\/span><\/div>\n<div class=\"sppb-panel-collapse\">\n<div class=\"sppb-panel-body\">\n<ul>\n<li><a href=\"https:\/\/www.service-public.fr\/particuliers\/vosdroits\/F1427\" target=\"_blank\" rel=\"noopener noreferrer\">Acte de Naissance<\/a><\/li>\n<\/ul>\n<\/div>\n<\/div>\n<\/div>\n<div class=\"sppb-panel sppb-panel-warning\"><\/div>\n","protected":false},"excerpt":{"rendered":"<p>Dans le cadre de la d\u00e9mat\u00e9rialisation des d\u00e9marches, l&rsquo;ensemble des proc\u00e9dures administratives est accessible en ligne sur le site https:\/\/www.service-public.fr\/, notamment : +\u00a0\u00a0 Elections Elections &#8211; D\u00e9marches Administratives +\u00a0\u00a0 Etat civil &#8211; Carte Nationale d&rsquo;Identit\u00e9 Carte nationale d&rsquo;identit\u00e9 +\u00a0\u00a0 Etat &hellip; <a href=\"http:\/\/hervelinghen.fr\/?page_id=83\">Lire la suite\u00ad\u00ad<\/a><\/p>\n","protected":false},"author":1,"featured_media":0,"parent":0,"menu_order":0,"comment_status":"closed","ping_status":"closed","template":"","meta":{"kt_blocks_editor_width":""},"yoast_head":"<!-- This site is optimized with the Yoast SEO plugin v15.3 - https:\/\/yoast.com\/wordpress\/plugins\/seo\/ -->\n<title>Les d\u00e9marches administratives - Hervelinghen<\/title>\n<meta name=\"robots\" content=\"index, follow, max-snippet:-1, max-image-preview:large, max-video-preview:-1\" \/>\n<link rel=\"canonical\" href=\"https:\/\/hervelinghen.fr\/?page_id=83\" \/>\n<meta property=\"og:locale\" content=\"fr_FR\" \/>\n<meta property=\"og:type\" content=\"article\" \/>\n<meta property=\"og:title\" content=\"Les d\u00e9marches administratives - Hervelinghen\" \/>\n<meta property=\"og:description\" content=\"Dans le cadre de la d\u00e9mat\u00e9rialisation des d\u00e9marches, l&rsquo;ensemble des proc\u00e9dures administratives est accessible en ligne sur le site https:\/\/www.service-public.fr\/, notamment : +\u00a0\u00a0 Elections Elections &#8211; D\u00e9marches Administratives +\u00a0\u00a0 Etat civil &#8211; Carte Nationale d&rsquo;Identit\u00e9 Carte nationale d&rsquo;identit\u00e9 +\u00a0\u00a0 Etat &hellip; Lire la suite\u00ad\u00ad\" \/>\n<meta property=\"og:url\" content=\"https:\/\/hervelinghen.fr\/?page_id=83\" \/>\n<meta property=\"og:site_name\" content=\"Hervelinghen\" \/>\n<meta property=\"article:modified_time\" content=\"2021-01-06T22:33:31+00:00\" \/>\n<meta name=\"twitter:card\" content=\"summary_large_image\" \/>\n<meta name=\"twitter:label1\" content=\"\u00c9crit par\">\n\t<meta name=\"twitter:data1\" content=\"admin8904\">\n\t<meta name=\"twitter:label2\" content=\"Dur\u00e9e de lecture est.\">\n\t<meta name=\"twitter:data2\" content=\"0 minute\">\n<script type=\"application\/ld+json\" class=\"yoast-schema-graph\">{\"@context\":\"https:\/\/schema.org\",\"@graph\":[{\"@type\":\"WebSite\",\"@id\":\"http:\/\/hervelinghen.fr\/#website\",\"url\":\"http:\/\/hervelinghen.fr\/\",\"name\":\"Hervelinghen\",\"description\":\"Bien vivre ensemble\",\"potentialAction\":[{\"@type\":\"SearchAction\",\"target\":\"http:\/\/hervelinghen.fr\/?s={search_term_string}\",\"query-input\":\"required name=search_term_string\"}],\"inLanguage\":\"fr-FR\"},{\"@type\":\"WebPage\",\"@id\":\"https:\/\/hervelinghen.fr\/?page_id=83#webpage\",\"url\":\"https:\/\/hervelinghen.fr\/?page_id=83\",\"name\":\"Les d\\u00e9marches administratives - Hervelinghen\",\"isPartOf\":{\"@id\":\"http:\/\/hervelinghen.fr\/#website\"},\"datePublished\":\"2020-09-27T15:37:10+00:00\",\"dateModified\":\"2021-01-06T22:33:31+00:00\",\"inLanguage\":\"fr-FR\",\"potentialAction\":[{\"@type\":\"ReadAction\",\"target\":[\"https:\/\/hervelinghen.fr\/?page_id=83\"]}]}]}<\/script>\n<!-- \/ Yoast SEO plugin. -->","_links":{"self":[{"href":"http:\/\/hervelinghen.fr\/index.php?rest_route=\/wp\/v2\/pages\/83"}],"collection":[{"href":"http:\/\/hervelinghen.fr\/index.php?rest_route=\/wp\/v2\/pages"}],"about":[{"href":"http:\/\/hervelinghen.fr\/index.php?rest_route=\/wp\/v2\/types\/page"}],"author":[{"embeddable":true,"href":"http:\/\/hervelinghen.fr\/index.php?rest_route=\/wp\/v2\/users\/1"}],"replies":[{"embeddable":true,"href":"http:\/\/hervelinghen.fr\/index.php?rest_route=%2Fwp%2Fv2%2Fcomments&post=83"}],"version-history":[{"count":12,"href":"http:\/\/hervelinghen.fr\/index.php?rest_route=\/wp\/v2\/pages\/83\/revisions"}],"predecessor-version":[{"id":1475,"href":"http:\/\/hervelinghen.fr\/index.php?rest_route=\/wp\/v2\/pages\/83\/revisions\/1475"}],"wp:attachment":[{"href":"http:\/\/hervelinghen.fr\/index.php?rest_route=%2Fwp%2Fv2%2Fmedia&parent=83"}],"curies":[{"name":"wp","href":"https:\/\/api.w.org\/{rel}","templated":true}]}}